{"id":1011,"date":"2023-03-07T15:42:07","date_gmt":"2023-03-07T15:42:07","guid":{"rendered":"https:\/\/meredesdeprotecao.com\/?page_id=1011"},"modified":"2023-03-31T12:57:15","modified_gmt":"2023-03-31T12:57:15","slug":"servicos","status":"publish","type":"page","link":"https:\/\/meredesdeprotecao.com\/index.php\/servicos\/","title":{"rendered":"Servi\u00e7os"},"content":{"rendered":"\n<p class=\"has-ast-global-color-1-color has-text-color has-large-font-size\"><strong>Redes de Prote\u00e7\u00e3o <\/strong><\/p>\n\n\n\n<figure class=\"wp-block-image size-medium is-resized is-style-rounded\"><img decoding=\"async\" loading=\"lazy\" src=\"https:\/\/meredesdeprotecao.com\/wp-content\/uploads\/2023\/03\/Janela-1-298x300.png\" alt=\"\" class=\"wp-image-881\" width=\"524\" height=\"528\" srcset=\"https:\/\/meredesdeprotecao.com\/wp-content\/uploads\/2023\/03\/Janela-1-298x300.png 298w, https:\/\/meredesdeprotecao.com\/wp-content\/uploads\/2023\/03\/Janela-1-1016x1024.png 1016w, https:\/\/meredesdeprotecao.com\/wp-content\/uploads\/2023\/03\/Janela-1-150x150.png 150w, https:\/\/meredesdeprotecao.com\/wp-content\/uploads\/2023\/03\/Janela-1-768x774.png 768w, https:\/\/meredesdeprotecao.com\/wp-content\/uploads\/2023\/03\/Janela-1-1525x1536.png 1525w, https:\/\/meredesdeprotecao.com\/wp-content\/uploads\/2023\/03\/Janela-1-2033x2048.png 2033w, https:\/\/meredesdeprotecao.com\/wp-content\/uploads\/2023\/03\/Janela-1-1000x1008.png 1000w, https:\/\/meredesdeprotecao.com\/wp-content\/uploads\/2023\/03\/Janela-1-230x232.png 230w, https:\/\/meredesdeprotecao.com\/wp-content\/uploads\/2023\/03\/Janela-1-350x353.png 350w, https:\/\/meredesdeprotecao.com\/wp-content\/uploads\/2023\/03\/Janela-1-480x484.png 480w\" sizes=\"(max-width: 524px) 100vw, 524px\" \/><\/figure>\n\n\n\n<p><strong>Residenciais:<\/strong> Toda sua casa protegida contra quedas acidentais e fugas em janelas, sacadas, escadas, sacadas e piscinas.<\/p>\n\n\n\n<p><strong>Empresariais e Industriais:<\/strong> Utilizando redes de prote\u00e7\u00e3o sua equipe fica segura contra possiv\u00e9is acidentes em ambientes com janelas, escadas, corredores e mezaninos.<\/p>\n\n\n\n<p><strong><a href=\"https:\/\/wa.me\/5511959465426\">11 95946-5426<\/a><\/strong><\/p>\n\n\n\n<p><\/p>\n\n\n\n<p><\/p>\n","protected":false},"excerpt":{"rendered":"<p>Redes de Prote\u00e7\u00e3o Residenciais: Toda sua casa protegida contra quedas acidentais e fugas em janelas, sacadas, escadas, sacadas e piscinas. Empresariais e Industriais: Utilizando redes de prote\u00e7\u00e3o sua equipe fica segura contra possiv\u00e9is acidentes em ambientes com janelas, escadas, corredores e mezaninos. 11 95946-5426<\/p>\n","protected":false},"author":1,"featured_media":0,"parent":0,"menu_order":0,"comment_status":"closed","ping_status":"closed","template":"","meta":{"_monsterinsights_skip_tracking":false,"_monsterinsights_sitenote_active":false,"_monsterinsights_sitenote_note":"","_monsterinsights_sitenote_category":0,"site-sidebar-layout":"default","site-content-layout":"default","ast-global-header-display":"","ast-main-header-display":"","ast-hfb-above-header-display":"","ast-hfb-below-header-display":"","ast-hfb-mobile-header-display":"","site-post-title":"","ast-breadcrumbs-content":"","ast-featured-img":"","footer-sml-layout":"","theme-transparent-header-meta":"","adv-header-id-meta":"","stick-header-meta":"","header-above-stick-meta":"","header-main-stick-meta":"","header-below-stick-meta":""},"_links":{"self":[{"href":"https:\/\/meredesdeprotecao.com\/index.php\/wp-json\/wp\/v2\/pages\/1011"}],"collection":[{"href":"https:\/\/meredesdeprotecao.com\/index.php\/wp-json\/wp\/v2\/pages"}],"about":[{"href":"https:\/\/meredesdeprotecao.com\/index.php\/wp-json\/wp\/v2\/types\/page"}],"author":[{"embeddable":true,"href":"https:\/\/meredesdeprotecao.com\/index.php\/wp-json\/wp\/v2\/users\/1"}],"replies":[{"embeddable":true,"href":"https:\/\/meredesdeprotecao.com\/index.php\/wp-json\/wp\/v2\/comments?post=1011"}],"version-history":[{"count":12,"href":"https:\/\/meredesdeprotecao.com\/index.php\/wp-json\/wp\/v2\/pages\/1011\/revisions"}],"predecessor-version":[{"id":1172,"href":"https:\/\/meredesdeprotecao.com\/index.php\/wp-json\/wp\/v2\/pages\/1011\/revisions\/1172"}],"wp:attachment":[{"href":"https:\/\/meredesdeprotecao.com\/index.php\/wp-json\/wp\/v2\/media?parent=1011"}],"curies":[{"name":"wp","href":"https:\/\/api.w.org\/{rel}","templated":true}]}}